{"id":32,"date":"2020-05-08T17:42:43","date_gmt":"2020-05-08T20:42:43","guid":{"rendered":"http:\/\/leandrojatte.adv.br\/?page_id=32"},"modified":"2020-10-26T19:49:07","modified_gmt":"2020-10-26T22:49:07","slug":"o-escritorio","status":"publish","type":"page","link":"https:\/\/leandrojatte.adv.br\/?page_id=32","title":{"rendered":"O Escrit\u00f3rio"},"content":{"rendered":"\n<p>Compet\u00eancia, seriedade, conhecimento jur\u00eddico e dedica\u00e7\u00e3o s\u00e3o caracter\u00edsticas basilares na defesa dos direitos dos clientes, agregadas \u00e0 experi\u00eancia e inova\u00e7\u00e3o de profissionais advogados, aos quais se agregam aos profissionais parceiros e colaboradores de exitosa e comprovada tradi\u00e7\u00e3o.<\/p>\n\n\n\n<p>Uma vis\u00e3o moderna, diretamente relacionada \u00e0 preven\u00e7\u00e3o jur\u00eddica, \u00e0 diminui\u00e7\u00e3o de custos e redu\u00e7\u00e3o das perdas, o que resulta em satisfa\u00e7\u00e3o e fidelidade de nossos clientes.<\/p>\n\n\n\n<p>Atuamos para pessoas f\u00edsicas e jur\u00eddicas, na consultoria jur\u00eddica, desde as simples at\u00e9 \u00e0s complexas rela\u00e7\u00f5es negociais, de forma preventiva e contenciosa, na defesa dos interesses de credores e devedores.<\/p>\n\n\n\n<p>Contamos com profissionais especializados em diversas \u00e1reas do direito, operando com \u00eanfase no direito empresarial, incorpora\u00e7\u00f5es imobili\u00e1rias, direito do consumidor e do fornecedor, propriedade intelectual, administrativo, fam\u00edlia, sucess\u00f5es, invent\u00e1rios e partilhas.<\/p>\n\n\n\n<p>Na \u00e1rea de recupera\u00e7\u00e3o de cr\u00e9ditos e de outros ativos, dispomos de atua\u00e7\u00e3o \u00e1gil e espec\u00edfica, voltada tamb\u00e9m para as institui\u00e7\u00f5es financeiras.<\/p>\n\n\n\n<p>Com sedes em Londrina e Curitiba, nossa atua\u00e7\u00e3o abrange todo o estado do Paran\u00e1, al\u00e9m dos escrit\u00f3rios parceiros em Santa Catarina, S\u00e3o Paulo, Mato Grosso do Sul, Distrito Federal e Minas Gerais. Adotamos pol\u00edtica de atendimento personalizado, \u00e1gil e eficiente, com o compromisso de atendimento especial para cada cliente, em conformidade com sua causa e sua pretens\u00e3o, privilegiando a qualidade dos servi\u00e7os prestados.<\/p>\n\n\n\n<p>Mais que um compromisso, a responsabilidade em atender o cliente de forma satisfat\u00f3ria, \u00e1gil e coerente aos padr\u00f5es de mercado. Sinta-se \u00e0 vontade em nos conhecer<\/p>\n","protected":false},"excerpt":{"rendered":"<p>Compet\u00eancia, seriedade, conhecimento jur\u00eddico e dedica\u00e7\u00e3o s\u00e3o caracter\u00edsticas basilares na defesa dos direitos dos clientes, agregadas \u00e0 experi\u00eancia e inova\u00e7\u00e3o de profissionais advogados, aos quais&hellip;<\/p>\n","protected":false},"author":1,"featured_media":46,"parent":0,"menu_order":0,"comment_status":"closed","ping_status":"closed","template":"","meta":{"footnotes":""},"class_list":["post-32","page","type-page","status-publish","has-post-thumbnail","hentry"],"_links":{"self":[{"href":"https:\/\/leandrojatte.adv.br\/index.php?rest_route=\/wp\/v2\/pages\/32","targetHints":{"allow":["GET"]}}],"collection":[{"href":"https:\/\/leandrojatte.adv.br\/index.php?rest_route=\/wp\/v2\/pages"}],"about":[{"href":"https:\/\/leandrojatte.adv.br\/index.php?rest_route=\/wp\/v2\/types\/page"}],"author":[{"embeddable":true,"href":"https:\/\/leandrojatte.adv.br\/index.php?rest_route=\/wp\/v2\/users\/1"}],"replies":[{"embeddable":true,"href":"https:\/\/leandrojatte.adv.br\/index.php?rest_route=%2Fwp%2Fv2%2Fcomments&post=32"}],"version-history":[{"count":4,"href":"https:\/\/leandrojatte.adv.br\/index.php?rest_route=\/wp\/v2\/pages\/32\/revisions"}],"predecessor-version":[{"id":113,"href":"https:\/\/leandrojatte.adv.br\/index.php?rest_route=\/wp\/v2\/pages\/32\/revisions\/113"}],"wp:featuredmedia":[{"embeddable":true,"href":"https:\/\/leandrojatte.adv.br\/index.php?rest_route=\/wp\/v2\/media\/46"}],"wp:attachment":[{"href":"https:\/\/leandrojatte.adv.br\/index.php?rest_route=%2Fwp%2Fv2%2Fmedia&parent=32"}],"curies":[{"name":"wp","href":"https:\/\/api.w.org\/{rel}","templated":true}]}}