{"id":34,"date":"2020-05-08T17:42:43","date_gmt":"2020-05-08T20:42:43","guid":{"rendered":"http:\/\/leandrojatte.adv.br\/?page_id=34"},"modified":"2025-04-14T19:59:32","modified_gmt":"2025-04-14T22:59:32","slug":"advogados","status":"publish","type":"page","link":"https:\/\/leandrojatte.adv.br\/?page_id=34","title":{"rendered":"Advogados"},"content":{"rendered":"\n<div class=\"wp-block-columns is-layout-flex wp-container-core-columns-is-layout-9d6595d7 wp-block-columns-is-layout-flex\">\n<div class=\"wp-block-column is-layout-flow wp-block-column-is-layout-flow\">\n<h2 class=\"wp-block-heading\"><strong>Leandro Jatte &#8211; OAB 55.152<\/strong><\/h2>\n\n\n\n<p>Advogado, natural de Londrina\/PR, formou-se em Direito no ano de 2005, quando veio para Curitiba trabalhar no Tribunal de Justi\u00e7a do Estado do Paran\u00e1, ocupando cargo de Oficial de Gabinete.<\/p>\n\n\n\n<p>Em 2007, concluiu a p\u00f3s-gradua\u00e7\u00e3o em Direito latu sensu pela Escola da Magistratura do Estado do Paran\u00e1. Em outubro de 2011 concluiu a p\u00f3s-gradua\u00e7\u00e3o em Direito Tribut\u00e1rio pela UNIDERP\/LFG.<br>Sua experi\u00eancia profissional se entendeu at\u00e9 novembro de 2009, trabalhando nas C\u00e2maras especializadas em revisionais de contratos banc\u00e1rios, execu\u00e7\u00e3o de t\u00edtulos extrajudiciais, contratos rurais, presta\u00e7\u00e3o de contas, responsabilidade civil, dano moral, consumidor, condom\u00ednios, contratos de seguro e planos de sa\u00fade, direito tribut\u00e1rio, responsabilidade civil de pessoa jur\u00eddica de direito p\u00fablico e respectivas autarquias, funda\u00e7\u00f5es de direito p\u00fablico e entidades paraestatais.<\/p>\n\n\n\n<p>No ano de 2010, iniciou seu escrit\u00f3rio pr\u00f3prio, dedicando-se exclusivamente \u00e0s causas de seus clientes, na denominada advocacia artesanal. Possui experi\u00eancia em Direito Eleitoral e Direito Administrativo, adquirida quando atuou como Procurador Geral da C\u00e2mara Municipal de Mandirituba\/PR, al\u00e9m de cursos e Congressos realizados pelo IPRADE (Instituto Paranaense de Direito Eleitoral) e Ordem dos Advogados do Brasil.<\/p>\n<\/div>\n\n\n\n<div class=\"wp-block-column is-layout-flow wp-block-column-is-layout-flow\"><\/div>\n<\/div>\n","protected":false},"excerpt":{"rendered":"<p>Leandro Jatte &#8211; OAB 55.152 Advogado, natural de Londrina\/PR, formou-se em Direito no ano de 2005, quando veio para Curitiba trabalhar no Tribunal de Justi\u00e7a&hellip;<\/p>\n","protected":false},"author":1,"featured_media":0,"parent":0,"menu_order":0,"comment_status":"closed","ping_status":"closed","template":"","meta":{"footnotes":""},"class_list":["post-34","page","type-page","status-publish","hentry"],"_links":{"self":[{"href":"https:\/\/leandrojatte.adv.br\/index.php?rest_route=\/wp\/v2\/pages\/34","targetHints":{"allow":["GET"]}}],"collection":[{"href":"https:\/\/leandrojatte.adv.br\/index.php?rest_route=\/wp\/v2\/pages"}],"about":[{"href":"https:\/\/leandrojatte.adv.br\/index.php?rest_route=\/wp\/v2\/types\/page"}],"author":[{"embeddable":true,"href":"https:\/\/leandrojatte.adv.br\/index.php?rest_route=\/wp\/v2\/users\/1"}],"replies":[{"embeddable":true,"href":"https:\/\/leandrojatte.adv.br\/index.php?rest_route=%2Fwp%2Fv2%2Fcomments&post=34"}],"version-history":[{"count":9,"href":"https:\/\/leandrojatte.adv.br\/index.php?rest_route=\/wp\/v2\/pages\/34\/revisions"}],"predecessor-version":[{"id":123,"href":"https:\/\/leandrojatte.adv.br\/index.php?rest_route=\/wp\/v2\/pages\/34\/revisions\/123"}],"wp:attachment":[{"href":"https:\/\/leandrojatte.adv.br\/index.php?rest_route=%2Fwp%2Fv2%2Fmedia&parent=34"}],"curies":[{"name":"wp","href":"https:\/\/api.w.org\/{rel}","templated":true}]}}